{"id":17,"date":"2023-10-17T00:25:58","date_gmt":"2023-10-16T22:25:58","guid":{"rendered":"http:\/\/avvbonavistabadalona.com\/?page_id=17"},"modified":"2023-12-24T00:31:18","modified_gmt":"2023-12-23T23:31:18","slug":"about","status":"publish","type":"page","link":"https:\/\/avvbonavistabadalona.com\/?page_id=17","title":{"rendered":"Proyectos"},"content":{"rendered":"\t\t<div data-elementor-type=\"wp-page\" data-elementor-id=\"17\" class=\"elementor elementor-17\">\n\t\t\t\t<div class=\"elementor-element elementor-element-65ead120 e-flex e-con-boxed e-con e-parent\" data-id=\"65ead120\" data-element_type=\"container\">\n\t\t\t\t\t<div class=\"e-con-inner\">\n\t\t\t\t<div class=\"elementor-element elementor-element-4351ae2e elementor-widget elementor-widget-text-editor\" data-id=\"4351ae2e\" data-element_type=\"widget\" data-widget_type=\"text-editor.default\">\n\t\t\t\t<div class=\"elementor-widget-container\">\n\t\t\t\t\t\t\t\t\t\n\n\t\t\t\t\t\t\t\t<\/div>\n\t\t\t\t<\/div>\n\t\t\t\t\t<\/div>\n\t\t\t\t<\/div>\n\t\t<div class=\"elementor-element elementor-element-4307ca2 e-con-full e-flex e-con e-parent\" data-id=\"4307ca2\" data-element_type=\"container\">\n\t\t<div class=\"elementor-element elementor-element-e5e6aa8 e-con-full e-flex e-con e-child\" data-id=\"e5e6aa8\" data-element_type=\"container\">\n\t\t\t\t<div class=\"elementor-element elementor-element-5df6ddb elementor-widget__width-initial elementor-widget elementor-widget-image\" data-id=\"5df6ddb\" data-element_type=\"widget\" data-widget_type=\"image.default\">\n\t\t\t\t<div class=\"elementor-widget-container\">\n\t\t\t\t\t\t\t\t\t\t\t\t\t\t\t\t<a href=\"https:\/\/avvbonavistabadalona.com\/?page_id=2995\">\n\t\t\t\t\t\t\t<img fetchpriority=\"high\" decoding=\"async\" width=\"761\" height=\"1024\" src=\"https:\/\/avvbonavistabadalona.com\/wp-content\/uploads\/2023\/11\/casa-pins-e1698880269661-761x1024.jpg\" class=\"attachment-large size-large wp-image-2146\" alt=\"\" srcset=\"https:\/\/avvbonavistabadalona.com\/wp-content\/uploads\/2023\/11\/casa-pins-e1698880269661-761x1024.jpg 761w, https:\/\/avvbonavistabadalona.com\/wp-content\/uploads\/2023\/11\/casa-pins-e1698880269661-223x300.jpg 223w, https:\/\/avvbonavistabadalona.com\/wp-content\/uploads\/2023\/11\/casa-pins-e1698880269661-768x1034.jpg 768w, https:\/\/avvbonavistabadalona.com\/wp-content\/uploads\/2023\/11\/casa-pins-e1698880269661-600x808.jpg 600w, https:\/\/avvbonavistabadalona.com\/wp-content\/uploads\/2023\/11\/casa-pins-e1698880269661.jpg 1078w\" sizes=\"(max-width: 761px) 100vw, 761px\" \/>\t\t\t\t\t\t\t\t<\/a>\n\t\t\t\t\t\t\t\t\t\t\t\t\t\t\t<\/div>\n\t\t\t\t<\/div>\n\t\t\t\t<div class=\"elementor-element elementor-element-d35772e elementor-widget__width-initial elementor-widget elementor-widget-heading\" data-id=\"d35772e\" data-element_type=\"widget\" data-widget_type=\"heading.default\">\n\t\t\t\t<div class=\"elementor-widget-container\">\n\t\t\t\t\t<h2 class=\"elementor-heading-title elementor-size-default\">CASA    DELS    PINS<\/h2>\t\t\t\t<\/div>\n\t\t\t\t<\/div>\n\t\t\t\t<\/div>\n\t\t<div class=\"elementor-element elementor-element-e1dc81f e-con-full e-flex e-con e-child\" data-id=\"e1dc81f\" data-element_type=\"container\">\n\t\t\t\t<div class=\"elementor-element elementor-element-6b1bd24 elementor-widget elementor-widget-spacer\" data-id=\"6b1bd24\" data-element_type=\"widget\" data-widget_type=\"spacer.default\">\n\t\t\t\t<div class=\"elementor-widget-container\">\n\t\t\t\t\t\t\t<div class=\"elementor-spacer\">\n\t\t\t<div class=\"elementor-spacer-inner\"><\/div>\n\t\t<\/div>\n\t\t\t\t\t\t<\/div>\n\t\t\t\t<\/div>\n\t\t\t\t<div class=\"elementor-element elementor-element-c085b64 elementor-widget__width-initial elementor-widget elementor-widget-image\" data-id=\"c085b64\" data-element_type=\"widget\" data-widget_type=\"image.default\">\n\t\t\t\t<div class=\"elementor-widget-container\">\n\t\t\t\t\t\t\t\t\t\t\t\t\t\t\t\t<a href=\"https:\/\/avvbonavistabadalona.com\/?page_id=2923\">\n\t\t\t\t\t\t\t<img decoding=\"async\" width=\"1024\" height=\"768\" src=\"https:\/\/avvbonavistabadalona.com\/wp-content\/uploads\/2023\/11\/POLIDEPORTIVO-1024x768.jpg\" class=\"attachment-large size-large wp-image-2175\" alt=\"\" srcset=\"https:\/\/avvbonavistabadalona.com\/wp-content\/uploads\/2023\/11\/POLIDEPORTIVO-1024x768.jpg 1024w, https:\/\/avvbonavistabadalona.com\/wp-content\/uploads\/2023\/11\/POLIDEPORTIVO-300x225.jpg 300w, https:\/\/avvbonavistabadalona.com\/wp-content\/uploads\/2023\/11\/POLIDEPORTIVO-768x576.jpg 768w, https:\/\/avvbonavistabadalona.com\/wp-content\/uploads\/2023\/11\/POLIDEPORTIVO-1536x1152.jpg 1536w, https:\/\/avvbonavistabadalona.com\/wp-content\/uploads\/2023\/11\/POLIDEPORTIVO-600x450.jpg 600w, https:\/\/avvbonavistabadalona.com\/wp-content\/uploads\/2023\/11\/POLIDEPORTIVO.jpg 2016w\" sizes=\"(max-width: 1024px) 100vw, 1024px\" \/>\t\t\t\t\t\t\t\t<\/a>\n\t\t\t\t\t\t\t\t\t\t\t\t\t\t\t<\/div>\n\t\t\t\t<\/div>\n\t\t\t\t<div class=\"elementor-element elementor-element-8eaa23f elementor-widget__width-initial elementor-widget elementor-widget-heading\" data-id=\"8eaa23f\" data-element_type=\"widget\" data-widget_type=\"heading.default\">\n\t\t\t\t<div class=\"elementor-widget-container\">\n\t\t\t\t\t<h2 class=\"elementor-heading-title elementor-size-default\">POLIDEPORTIVO<\/h2>\t\t\t\t<\/div>\n\t\t\t\t<\/div>\n\t\t\t\t<\/div>\n\t\t<div class=\"elementor-element elementor-element-9bc1513 e-con-full e-flex e-con e-child\" data-id=\"9bc1513\" data-element_type=\"container\">\n\t\t\t\t<div class=\"elementor-element elementor-element-5c40663 elementor-widget elementor-widget-spacer\" data-id=\"5c40663\" data-element_type=\"widget\" data-widget_type=\"spacer.default\">\n\t\t\t\t<div class=\"elementor-widget-container\">\n\t\t\t\t\t\t\t<div class=\"elementor-spacer\">\n\t\t\t<div class=\"elementor-spacer-inner\"><\/div>\n\t\t<\/div>\n\t\t\t\t\t\t<\/div>\n\t\t\t\t<\/div>\n\t\t\t\t<div class=\"elementor-element elementor-element-75a1e59 elementor-widget__width-initial elementor-widget-mobile__width-initial elementor-widget elementor-widget-image\" data-id=\"75a1e59\" data-element_type=\"widget\" data-widget_type=\"image.default\">\n\t\t\t\t<div class=\"elementor-widget-container\">\n\t\t\t\t\t\t\t\t\t\t\t\t\t\t\t<img decoding=\"async\" width=\"1024\" height=\"768\" src=\"https:\/\/avvbonavistabadalona.com\/wp-content\/uploads\/2023\/11\/ASFALTO-1024x768.jpg\" class=\"attachment-large size-large wp-image-2183\" alt=\"\" srcset=\"https:\/\/avvbonavistabadalona.com\/wp-content\/uploads\/2023\/11\/ASFALTO-1024x768.jpg 1024w, https:\/\/avvbonavistabadalona.com\/wp-content\/uploads\/2023\/11\/ASFALTO-300x225.jpg 300w, https:\/\/avvbonavistabadalona.com\/wp-content\/uploads\/2023\/11\/ASFALTO-768x576.jpg 768w, https:\/\/avvbonavistabadalona.com\/wp-content\/uploads\/2023\/11\/ASFALTO-1536x1152.jpg 1536w, https:\/\/avvbonavistabadalona.com\/wp-content\/uploads\/2023\/11\/ASFALTO-600x450.jpg 600w, https:\/\/avvbonavistabadalona.com\/wp-content\/uploads\/2023\/11\/ASFALTO.jpg 2016w\" sizes=\"(max-width: 1024px) 100vw, 1024px\" \/>\t\t\t\t\t\t\t\t\t\t\t\t\t\t\t<\/div>\n\t\t\t\t<\/div>\n\t\t\t\t<div class=\"elementor-element elementor-element-8411c70 elementor-widget__width-initial elementor-widget elementor-widget-heading\" data-id=\"8411c70\" data-element_type=\"widget\" data-widget_type=\"heading.default\">\n\t\t\t\t<div class=\"elementor-widget-container\">\n\t\t\t\t\t<h2 class=\"elementor-heading-title elementor-size-default\">ASFALTO AV.MORRALLA<\/h2>\t\t\t\t<\/div>\n\t\t\t\t<\/div>\n\t\t\t\t<\/div>\n\t\t<div class=\"elementor-element elementor-element-893ac7e e-con-full e-flex e-con e-child\" data-id=\"893ac7e\" data-element_type=\"container\">\n\t\t\t\t<div class=\"elementor-element elementor-element-f545ec3 elementor-widget__width-initial elementor-widget elementor-widget-image\" data-id=\"f545ec3\" data-element_type=\"widget\" data-widget_type=\"image.default\">\n\t\t\t\t<div class=\"elementor-widget-container\">\n\t\t\t\t\t\t\t\t\t\t\t\t\t\t\t<img loading=\"lazy\" decoding=\"async\" width=\"1024\" height=\"768\" src=\"https:\/\/avvbonavistabadalona.com\/wp-content\/uploads\/2023\/11\/ESQUINA-1024x768.jpg\" class=\"attachment-large size-large wp-image-2182\" alt=\"\" srcset=\"https:\/\/avvbonavistabadalona.com\/wp-content\/uploads\/2023\/11\/ESQUINA-1024x768.jpg 1024w, https:\/\/avvbonavistabadalona.com\/wp-content\/uploads\/2023\/11\/ESQUINA-300x225.jpg 300w, https:\/\/avvbonavistabadalona.com\/wp-content\/uploads\/2023\/11\/ESQUINA-768x576.jpg 768w, https:\/\/avvbonavistabadalona.com\/wp-content\/uploads\/2023\/11\/ESQUINA-1536x1152.jpg 1536w, https:\/\/avvbonavistabadalona.com\/wp-content\/uploads\/2023\/11\/ESQUINA-600x450.jpg 600w, https:\/\/avvbonavistabadalona.com\/wp-content\/uploads\/2023\/11\/ESQUINA.jpg 2016w\" sizes=\"(max-width: 1024px) 100vw, 1024px\" \/>\t\t\t\t\t\t\t\t\t\t\t\t\t\t\t<\/div>\n\t\t\t\t<\/div>\n\t\t\t\t<div class=\"elementor-element elementor-element-8b23820 elementor-widget__width-initial elementor-widget elementor-widget-heading\" data-id=\"8b23820\" data-element_type=\"widget\" data-widget_type=\"heading.default\">\n\t\t\t\t<div class=\"elementor-widget-container\">\n\t\t\t\t\t<h2 class=\"elementor-heading-title elementor-size-default\">TERRENO ESQ AV.MORRALLA CON PASAJE MORRALLA<\/h2>\t\t\t\t<\/div>\n\t\t\t\t<\/div>\n\t\t\t\t<\/div>\n\t\t\t\t<\/div>\n\t\t<div class=\"elementor-element elementor-element-858e8ce e-flex e-con-boxed e-con e-parent\" data-id=\"858e8ce\" data-element_type=\"container\">\n\t\t\t\t\t<div class=\"e-con-inner\">\n\t\t\t\t<div class=\"elementor-element elementor-element-17d8a63 elementor-widget elementor-widget-spacer\" data-id=\"17d8a63\" data-element_type=\"widget\" data-widget_type=\"spacer.default\">\n\t\t\t\t<div class=\"elementor-widget-container\">\n\t\t\t\t\t\t\t<div class=\"elementor-spacer\">\n\t\t\t<div class=\"elementor-spacer-inner\"><\/div>\n\t\t<\/div>\n\t\t\t\t\t\t<\/div>\n\t\t\t\t<\/div>\n\t\t\t\t<div class=\"elementor-element elementor-element-9f03380 elementor-widget elementor-widget-html\" data-id=\"9f03380\" data-element_type=\"widget\" data-widget_type=\"html.default\">\n\t\t\t\t<div class=\"elementor-widget-container\">\n\t\t\t\t\t<script async src=\"https:\/\/pagead2.googlesyndication.com\/pagead\/js\/adsbygoogle.js?client=ca-pub-4580274285579418\"\r\n     crossorigin=\"anonymous\"><\/script>\r\n<!-- anuncio cabezera -->\r\n<ins class=\"adsbygoogle\"\r\n     style=\"display:block\"\r\n     data-ad-client=\"ca-pub-4580274285579418\"\r\n     data-ad-slot=\"1557643183\"\r\n     data-ad-format=\"auto\"\r\n     data-full-width-responsive=\"true\"><\/ins>\r\n<script>\r\n     (adsbygoogle = window.adsbygoogle || []).push({});\r\n<\/script>\t\t\t\t<\/div>\n\t\t\t\t<\/div>\n\t\t\t\t\t<\/div>\n\t\t\t\t<\/div>\n\t\t<div class=\"elementor-element elementor-element-d1b4eb1 e-flex e-con-boxed e-con e-parent\" data-id=\"d1b4eb1\" data-element_type=\"container\">\n\t\t\t\t\t<div class=\"e-con-inner\">\n\t\t\t\t<div class=\"elementor-element elementor-element-6accee4 elementor-widget elementor-widget-spacer\" data-id=\"6accee4\" data-element_type=\"widget\" data-widget_type=\"spacer.default\">\n\t\t\t\t<div class=\"elementor-widget-container\">\n\t\t\t\t\t\t\t<div class=\"elementor-spacer\">\n\t\t\t<div class=\"elementor-spacer-inner\"><\/div>\n\t\t<\/div>\n\t\t\t\t\t\t<\/div>\n\t\t\t\t<\/div>\n\t\t\t\t\t<\/div>\n\t\t\t\t<\/div>\n\t\t<div class=\"elementor-element elementor-element-85d0619 e-flex e-con-boxed e-con e-parent\" data-id=\"85d0619\" data-element_type=\"container\">\n\t\t\t\t\t<div class=\"e-con-inner\">\n\t\t<div class=\"elementor-element elementor-element-0199ff0 e-con-full e-flex e-con e-child\" data-id=\"0199ff0\" data-element_type=\"container\">\n\t\t<div class=\"elementor-element elementor-element-fd54b5f e-con-full e-flex e-con e-child\" data-id=\"fd54b5f\" data-element_type=\"container\">\n\t\t\t\t<div class=\"elementor-element elementor-element-ce8c5e6 elementor-widget elementor-widget-text-editor\" data-id=\"ce8c5e6\" data-element_type=\"widget\" data-widget_type=\"text-editor.default\">\n\t\t\t\t<div class=\"elementor-widget-container\">\n\t\t\t\t\t\t\t\t\t<h4>POLIDEPORTIVO<\/h4>\n<ul data-sourcepos=\"5:1-9:0\">\n<li data-sourcepos=\"5:1-5:146\"><strong>Mejora de la salud y el bienestar<\/strong>.<\/li>\n<li data-sourcepos=\"6:1-6:169\"><strong>Fomentar la actividad f\u00edsica<\/strong><\/li>\n<li data-sourcepos=\"7:1-7:129\"><strong>Promover la socializaci\u00f3n<\/strong><\/li>\n<li data-sourcepos=\"8:1-9:0\"><strong>Mejorar la calidad de vida<\/strong><\/li>\n<li data-sourcepos=\"5:1-5:146\"><strong>Mejora de la salud y el bienestar<\/strong><\/li>\n<li data-sourcepos=\"6:1-6:169\"><strong>Fomentar la actividad f\u00edsica<\/strong><\/li>\n<li data-sourcepos=\"6:1-6:169\"><strong>Promover la socializaci\u00f3n:<\/strong><\/li>\n<li data-sourcepos=\"6:1-6:169\"><strong>Mejorar la calidad de vida<\/strong><\/li>\n<\/ul>\t\t\t\t\t\t\t\t<\/div>\n\t\t\t\t<\/div>\n\t\t\t\t<\/div>\n\t\t<div class=\"elementor-element elementor-element-45642ce e-con-full e-flex e-con e-child\" data-id=\"45642ce\" data-element_type=\"container\">\n\t\t<div class=\"elementor-element elementor-element-53c99db e-flex e-con-boxed e-con e-child\" data-id=\"53c99db\" data-element_type=\"container\">\n\t\t\t\t\t<div class=\"e-con-inner\">\n\t\t\t\t<div class=\"elementor-element elementor-element-1f5c3a1 elementor-widget__width-initial elementor-widget-mobile__width-inherit elementor-widget elementor-widget-image\" data-id=\"1f5c3a1\" data-element_type=\"widget\" data-widget_type=\"image.default\">\n\t\t\t\t<div class=\"elementor-widget-container\">\n\t\t\t\t\t\t\t\t\t\t\t\t\t\t\t<img decoding=\"async\" width=\"1024\" height=\"768\" src=\"https:\/\/avvbonavistabadalona.com\/wp-content\/uploads\/2023\/11\/POLIDEPORTIVO-1024x768.jpg\" class=\"attachment-large size-large wp-image-2175\" alt=\"\" srcset=\"https:\/\/avvbonavistabadalona.com\/wp-content\/uploads\/2023\/11\/POLIDEPORTIVO-1024x768.jpg 1024w, https:\/\/avvbonavistabadalona.com\/wp-content\/uploads\/2023\/11\/POLIDEPORTIVO-300x225.jpg 300w, https:\/\/avvbonavistabadalona.com\/wp-content\/uploads\/2023\/11\/POLIDEPORTIVO-768x576.jpg 768w, https:\/\/avvbonavistabadalona.com\/wp-content\/uploads\/2023\/11\/POLIDEPORTIVO-1536x1152.jpg 1536w, https:\/\/avvbonavistabadalona.com\/wp-content\/uploads\/2023\/11\/POLIDEPORTIVO-600x450.jpg 600w, https:\/\/avvbonavistabadalona.com\/wp-content\/uploads\/2023\/11\/POLIDEPORTIVO.jpg 2016w\" sizes=\"(max-width: 1024px) 100vw, 1024px\" \/>\t\t\t\t\t\t\t\t\t\t\t\t\t\t\t<\/div>\n\t\t\t\t<\/div>\n\t\t\t\t<div class=\"elementor-element elementor-element-3746e7a elementor-widget__width-initial elementor-widget-mobile__width-inherit elementor-widget elementor-widget-image\" data-id=\"3746e7a\" data-element_type=\"widget\" data-widget_type=\"image.default\">\n\t\t\t\t<div class=\"elementor-widget-container\">\n\t\t\t\t\t\t\t\t\t\t\t\t\t\t\t<img decoding=\"async\" width=\"1024\" height=\"768\" src=\"https:\/\/avvbonavistabadalona.com\/wp-content\/uploads\/2023\/11\/POLIDEPORTIVO-1024x768.jpg\" class=\"attachment-large size-large wp-image-2175\" alt=\"\" srcset=\"https:\/\/avvbonavistabadalona.com\/wp-content\/uploads\/2023\/11\/POLIDEPORTIVO-1024x768.jpg 1024w, https:\/\/avvbonavistabadalona.com\/wp-content\/uploads\/2023\/11\/POLIDEPORTIVO-300x225.jpg 300w, https:\/\/avvbonavistabadalona.com\/wp-content\/uploads\/2023\/11\/POLIDEPORTIVO-768x576.jpg 768w, https:\/\/avvbonavistabadalona.com\/wp-content\/uploads\/2023\/11\/POLIDEPORTIVO-1536x1152.jpg 1536w, https:\/\/avvbonavistabadalona.com\/wp-content\/uploads\/2023\/11\/POLIDEPORTIVO-600x450.jpg 600w, https:\/\/avvbonavistabadalona.com\/wp-content\/uploads\/2023\/11\/POLIDEPORTIVO.jpg 2016w\" sizes=\"(max-width: 1024px) 100vw, 1024px\" \/>\t\t\t\t\t\t\t\t\t\t\t\t\t\t\t<\/div>\n\t\t\t\t<\/div>\n\t\t\t\t\t<\/div>\n\t\t\t\t<\/div>\n\t\t\t\t<\/div>\n\t\t\t\t<\/div>\n\t\t\t\t\t<\/div>\n\t\t\t\t<\/div>\n\t\t\t\t<\/div>\n\t\t","protected":false},"excerpt":{"rendered":"<p>CASA DELS PINS POLIDEPORTIVO ASFALTO AV.MORRALLA TERRENO ESQ AV.MORRALLA CON PASAJE MORRALLA POLIDEPORTIVO Mejora de la salud y el bienestar. Fomentar la actividad f\u00edsica Promover la socializaci\u00f3n Mejorar la calidad de vida Mejora de la salud y el bienestar Fomentar la actividad f\u00edsica Promover la socializaci\u00f3n: Mejorar la calidad de vida<\/p>\n","protected":false},"author":1,"featured_media":0,"parent":0,"menu_order":0,"comment_status":"closed","ping_status":"closed","template":"","meta":{"om_disable_all_campaigns":false,"_uag_custom_page_level_css":"","site-sidebar-layout":"default","site-content-layout":"","ast-site-content-layout":"default","site-content-style":"default","site-sidebar-style":"default","ast-global-header-display":"","ast-banner-title-visibility":"","ast-main-header-display":"","ast-hfb-above-header-display":"","ast-hfb-below-header-display":"","ast-hfb-mobile-header-display":"","site-post-title":"disabled","ast-breadcrumbs-content":"","ast-featured-img":"","footer-sml-layout":"","theme-transparent-header-meta":"","adv-header-id-meta":"","stick-header-meta":"","header-above-stick-meta":"","header-main-stick-meta":"","header-below-stick-meta":"","astra-migrate-meta-layouts":"set","footnotes":""},"aioseo_notices":[],"uagb_featured_image_src":{"full":false,"thumbnail":false,"medium":false,"medium_large":false,"large":false,"1536x1536":false,"2048x2048":false,"woocommerce_thumbnail":false,"woocommerce_single":false,"woocommerce_gallery_thumbnail":false},"uagb_author_info":{"display_name":"avvbonavistabadalona.com","author_link":"https:\/\/avvbonavistabadalona.com\/?author=1"},"uagb_comment_info":0,"uagb_excerpt":"CASA DELS PINS POLIDEPORTIVO ASFALTO AV.MORRALLA TERRENO ESQ AV.MORRALLA CON PASAJE MORRALLA POLIDEPORTIVO Mejora de la salud y el bienestar. Fomentar la actividad f\u00edsica Promover la socializaci\u00f3n Mejorar la calidad de vida Mejora de la salud y el bienestar Fomentar la actividad f\u00edsica Promover la socializaci\u00f3n: Mejorar la calidad de vida","_links":{"self":[{"href":"https:\/\/avvbonavistabadalona.com\/index.php?rest_route=\/wp\/v2\/pages\/17"}],"collection":[{"href":"https:\/\/avvbonavistabadalona.com\/index.php?rest_route=\/wp\/v2\/pages"}],"about":[{"href":"https:\/\/avvbonavistabadalona.com\/index.php?rest_route=\/wp\/v2\/types\/page"}],"author":[{"embeddable":true,"href":"https:\/\/avvbonavistabadalona.com\/index.php?rest_route=\/wp\/v2\/users\/1"}],"replies":[{"embeddable":true,"href":"https:\/\/avvbonavistabadalona.com\/index.php?rest_route=%2Fwp%2Fv2%2Fcomments&post=17"}],"version-history":[{"count":86,"href":"https:\/\/avvbonavistabadalona.com\/index.php?rest_route=\/wp\/v2\/pages\/17\/revisions"}],"predecessor-version":[{"id":3534,"href":"https:\/\/avvbonavistabadalona.com\/index.php?rest_route=\/wp\/v2\/pages\/17\/revisions\/3534"}],"wp:attachment":[{"href":"https:\/\/avvbonavistabadalona.com\/index.php?rest_route=%2Fwp%2Fv2%2Fmedia&parent=17"}],"curies":[{"name":"wp","href":"https:\/\/api.w.org\/{rel}","templated":true}]}}