{"id":2923,"date":"2023-11-25T12:46:00","date_gmt":"2023-11-25T11:46:00","guid":{"rendered":"https:\/\/avvbonavistabadalona.com\/?page_id=2923"},"modified":"2023-12-23T08:26:40","modified_gmt":"2023-12-23T07:26:40","slug":"polideportivo","status":"publish","type":"page","link":"https:\/\/avvbonavistabadalona.com\/?page_id=2923","title":{"rendered":"polideportivo"},"content":{"rendered":"\t\t<div data-elementor-type=\"wp-page\" data-elementor-id=\"2923\" class=\"elementor elementor-2923\">\n\t\t\t\t<div class=\"elementor-element elementor-element-7b41e09 e-flex e-con-boxed e-con e-parent\" data-id=\"7b41e09\" data-element_type=\"container\">\n\t\t\t\t\t<div class=\"e-con-inner\">\n\t\t<div class=\"elementor-element elementor-element-4ebb77b e-con-full e-flex e-con e-child\" data-id=\"4ebb77b\" data-element_type=\"container\">\n\t\t<div class=\"elementor-element elementor-element-1486ff6 e-con-full e-flex e-con e-child\" data-id=\"1486ff6\" data-element_type=\"container\">\n\t\t<div class=\"elementor-element elementor-element-57d14e1 e-con-full e-flex e-con e-child\" data-id=\"57d14e1\" data-element_type=\"container\">\n\t\t\t\t<div class=\"elementor-element elementor-element-d474952 elementor-widget elementor-widget-text-editor\" data-id=\"d474952\" data-element_type=\"widget\" data-widget_type=\"text-editor.default\">\n\t\t\t\t<div class=\"elementor-widget-container\">\n\t\t\t\t\t\t\t\t\t<h3>POLIDEPORTIVO<\/h3><p>\u00a0<\/p><ul data-sourcepos=\"5:1-9:0\"><li data-sourcepos=\"5:1-5:146\"><strong>Mejora de la salud y el bienestar:<\/strong>\u00a0Ayuda a proporcionar oportunidades para que las personas se activen y mejoren su salud.<\/li><\/ul><div>\u00a0<\/div><ul data-sourcepos=\"5:1-9:0\"><li data-sourcepos=\"6:1-6:169\"><strong>Fomentar la actividad f\u00edsica:<\/strong>\u00a0Ayuda a fomentar la actividad f\u00edsica entre las personas de todas las edades y sus niveles de condici\u00f3n f\u00edsica.<\/li><\/ul><div>\u00a0<\/div><ul data-sourcepos=\"5:1-9:0\"><li data-sourcepos=\"7:1-7:129\"><strong>Promover la socializaci\u00f3n:<\/strong>\u00a0Ayuda a proporcionar un lugar para que las personas se re\u00fanan y se socialicen.<\/li><\/ul><div>\u00a0<\/div><ul data-sourcepos=\"5:1-9:0\"><li data-sourcepos=\"8:1-9:0\"><strong>Mejorar la calidad de vida:<\/strong>\u00a0Ayudan a mejorar la calidad de vida de las personas en la comunidad.<\/li><\/ul><div>\u00a0<\/div><ul data-sourcepos=\"5:1-9:0\"><li data-sourcepos=\"12:1-12:225\"><strong>Facilitar la pr\u00e1ctica de deportes:<\/strong>\u00a0Los polideportivos proporcionan instalaciones para una variedad de deportes y actividades f\u00edsicas, como f\u00fatbol, baloncesto, voleibol, tenis, nataci\u00f3n, etc. Para los vecinos.<\/li><\/ul>\t\t\t\t\t\t\t\t<\/div>\n\t\t\t\t<\/div>\n\t\t\t\t<\/div>\n\t\t<div class=\"elementor-element elementor-element-ead5d2d e-con-full e-flex e-con e-child\" data-id=\"ead5d2d\" data-element_type=\"container\">\n\t\t<div class=\"elementor-element elementor-element-7be00a8 e-flex e-con-boxed e-con e-child\" data-id=\"7be00a8\" data-element_type=\"container\">\n\t\t\t\t\t<div class=\"e-con-inner\">\n\t\t\t\t<div class=\"elementor-element elementor-element-d3b6bc8 elementor-widget__width-initial elementor-widget-mobile__width-inherit elementor-widget-tablet__width-initial elementor-widget elementor-widget-image\" data-id=\"d3b6bc8\" data-element_type=\"widget\" data-widget_type=\"image.default\">\n\t\t\t\t<div class=\"elementor-widget-container\">\n\t\t\t\t\t\t\t\t\t\t\t\t\t\t\t<img fetchpriority=\"high\" decoding=\"async\" width=\"1024\" height=\"768\" src=\"https:\/\/avvbonavistabadalona.com\/wp-content\/uploads\/2023\/11\/POLIDEPORTIVO-1024x768.jpg\" class=\"attachment-large size-large wp-image-2175\" alt=\"\" srcset=\"https:\/\/avvbonavistabadalona.com\/wp-content\/uploads\/2023\/11\/POLIDEPORTIVO-1024x768.jpg 1024w, https:\/\/avvbonavistabadalona.com\/wp-content\/uploads\/2023\/11\/POLIDEPORTIVO-300x225.jpg 300w, https:\/\/avvbonavistabadalona.com\/wp-content\/uploads\/2023\/11\/POLIDEPORTIVO-768x576.jpg 768w, https:\/\/avvbonavistabadalona.com\/wp-content\/uploads\/2023\/11\/POLIDEPORTIVO-1536x1152.jpg 1536w, https:\/\/avvbonavistabadalona.com\/wp-content\/uploads\/2023\/11\/POLIDEPORTIVO-600x450.jpg 600w, https:\/\/avvbonavistabadalona.com\/wp-content\/uploads\/2023\/11\/POLIDEPORTIVO.jpg 2016w\" sizes=\"(max-width: 1024px) 100vw, 1024px\" \/>\t\t\t\t\t\t\t\t\t\t\t\t\t\t\t<\/div>\n\t\t\t\t<\/div>\n\t\t\t\t\t<\/div>\n\t\t\t\t<\/div>\n\t\t<div class=\"elementor-element elementor-element-49b54fc e-flex e-con-boxed e-con e-child\" data-id=\"49b54fc\" data-element_type=\"container\">\n\t\t\t\t\t<div class=\"e-con-inner\">\n\t\t<div class=\"elementor-element elementor-element-bf2c726 e-con-full e-flex e-con e-child\" data-id=\"bf2c726\" data-element_type=\"container\">\n\t\t\t\t<div class=\"elementor-element elementor-element-b8749e8 elementor-widget elementor-widget-spacer\" data-id=\"b8749e8\" data-element_type=\"widget\" data-widget_type=\"spacer.default\">\n\t\t\t\t<div class=\"elementor-widget-container\">\n\t\t\t\t\t\t\t<div class=\"elementor-spacer\">\n\t\t\t<div class=\"elementor-spacer-inner\"><\/div>\n\t\t<\/div>\n\t\t\t\t\t\t<\/div>\n\t\t\t\t<\/div>\n\t\t\t\t<div class=\"elementor-element elementor-element-c5cb93d elementor-widget-tablet__width-initial elementor-widget elementor-widget-text-editor\" data-id=\"c5cb93d\" data-element_type=\"widget\" data-widget_type=\"text-editor.default\">\n\t\t\t\t<div class=\"elementor-widget-container\">\n\t\t\t\t\t\t\t\t\t<ul data-sourcepos=\"5:1-9:0\"><li data-sourcepos=\"13:1-13:168\"><strong>Ofrecer clases y programas deportivos:<\/strong>\u00a0Pueden ofrecer clases y programas deportivos para personas de todas las edades y niveles de experiencia.<\/li><\/ul><div>\u00a0<\/div><ul data-sourcepos=\"5:1-9:0\"><li data-sourcepos=\"14:1-15:0\"><strong>Organizar eventos deportivos y recreativos:<\/strong>\u00a0Proporciona la organizacion de eventos deportivos y recreativos para vecinos, como ligas deportivas, torneos, festivales, etc.<\/li><\/ul>\t\t\t\t\t\t\t\t<\/div>\n\t\t\t\t<\/div>\n\t\t\t\t<\/div>\n\t\t\t\t\t<\/div>\n\t\t\t\t<\/div>\n\t\t\t\t<\/div>\n\t\t\t\t<\/div>\n\t\t\t\t<\/div>\n\t\t\t\t\t<\/div>\n\t\t\t\t<\/div>\n\t\t\t\t<\/div>\n\t\t","protected":false},"excerpt":{"rendered":"<p>POLIDEPORTIVO \u00a0 Mejora de la salud y el bienestar:\u00a0Ayuda a proporcionar oportunidades para que las personas se activen y mejoren su salud. \u00a0 Fomentar la actividad f\u00edsica:\u00a0Ayuda a fomentar la actividad f\u00edsica entre las personas de todas las edades y sus niveles de condici\u00f3n f\u00edsica. \u00a0 Promover la socializaci\u00f3n:\u00a0Ayuda a proporcionar un lugar para que &hellip;<\/p>\n<p class=\"read-more\"> <a class=\"\" href=\"https:\/\/avvbonavistabadalona.com\/?page_id=2923\"> <span class=\"screen-reader-text\">polideportivo<\/span> Leer m\u00e1s &raquo;<\/a><\/p>\n","protected":false},"author":1,"featured_media":0,"parent":0,"menu_order":0,"comment_status":"closed","ping_status":"closed","template":"","meta":{"om_disable_all_campaigns":false,"_uag_custom_page_level_css":"","site-sidebar-layout":"no-sidebar","site-content-layout":"page-builder","ast-site-content-layout":"full-width-container","site-content-style":"default","site-sidebar-style":"default","ast-global-header-display":"","ast-banner-title-visibility":"","ast-main-header-display":"","ast-hfb-above-header-display":"","ast-hfb-below-header-display":"","ast-hfb-mobile-header-display":"","site-post-title":"disabled","ast-breadcrumbs-content":"","ast-featured-img":"disabled","footer-sml-layout":"","theme-transparent-header-meta":"","adv-header-id-meta":"","stick-header-meta":"","header-above-stick-meta":"","header-main-stick-meta":"","header-below-stick-meta":"","astra-migrate-meta-layouts":"set","footnotes":""},"aioseo_notices":[],"uagb_featured_image_src":{"full":false,"thumbnail":false,"medium":false,"medium_large":false,"large":false,"1536x1536":false,"2048x2048":false,"woocommerce_thumbnail":false,"woocommerce_single":false,"woocommerce_gallery_thumbnail":false},"uagb_author_info":{"display_name":"avvbonavistabadalona.com","author_link":"https:\/\/avvbonavistabadalona.com\/?author=1"},"uagb_comment_info":0,"uagb_excerpt":"POLIDEPORTIVO \u00a0 Mejora de la salud y el bienestar:\u00a0Ayuda a proporcionar oportunidades para que las personas se activen y mejoren su salud. \u00a0 Fomentar la actividad f\u00edsica:\u00a0Ayuda a fomentar la actividad f\u00edsica entre las personas de todas las edades y sus niveles de condici\u00f3n f\u00edsica. \u00a0 Promover la socializaci\u00f3n:\u00a0Ayuda a proporcionar un lugar para que&hellip;","_links":{"self":[{"href":"https:\/\/avvbonavistabadalona.com\/index.php?rest_route=\/wp\/v2\/pages\/2923"}],"collection":[{"href":"https:\/\/avvbonavistabadalona.com\/index.php?rest_route=\/wp\/v2\/pages"}],"about":[{"href":"https:\/\/avvbonavistabadalona.com\/index.php?rest_route=\/wp\/v2\/types\/page"}],"author":[{"embeddable":true,"href":"https:\/\/avvbonavistabadalona.com\/index.php?rest_route=\/wp\/v2\/users\/1"}],"replies":[{"embeddable":true,"href":"https:\/\/avvbonavistabadalona.com\/index.php?rest_route=%2Fwp%2Fv2%2Fcomments&post=2923"}],"version-history":[{"count":52,"href":"https:\/\/avvbonavistabadalona.com\/index.php?rest_route=\/wp\/v2\/pages\/2923\/revisions"}],"predecessor-version":[{"id":3171,"href":"https:\/\/avvbonavistabadalona.com\/index.php?rest_route=\/wp\/v2\/pages\/2923\/revisions\/3171"}],"wp:attachment":[{"href":"https:\/\/avvbonavistabadalona.com\/index.php?rest_route=%2Fwp%2Fv2%2Fmedia&parent=2923"}],"curies":[{"name":"wp","href":"https:\/\/api.w.org\/{rel}","templated":true}]}}