{"id":2995,"date":"2023-12-23T06:45:27","date_gmt":"2023-12-23T05:45:27","guid":{"rendered":"https:\/\/avvbonavistabadalona.com\/?page_id=2995"},"modified":"2023-12-24T00:37:51","modified_gmt":"2023-12-23T23:37:51","slug":"casa-dels-pins","status":"publish","type":"page","link":"https:\/\/avvbonavistabadalona.com\/?page_id=2995","title":{"rendered":"Casa dels Pins"},"content":{"rendered":"\t\t<div data-elementor-type=\"wp-page\" data-elementor-id=\"2995\" class=\"elementor elementor-2995\">\n\t\t\t\t<div class=\"elementor-element elementor-element-010c18c e-con-full e-flex e-con e-parent\" data-id=\"010c18c\" data-element_type=\"container\">\n\t\t<div class=\"elementor-element elementor-element-558df12 e-con-full e-flex e-con e-child\" data-id=\"558df12\" data-element_type=\"container\">\n\t\t<div class=\"elementor-element elementor-element-87698b9 e-con-full e-flex e-con e-child\" data-id=\"87698b9\" data-element_type=\"container\">\n\t\t<div class=\"elementor-element elementor-element-f49ea04 e-con-full e-flex e-con e-child\" data-id=\"f49ea04\" data-element_type=\"container\">\n\t\t<div class=\"elementor-element elementor-element-083c0c4 e-con-full e-flex e-con e-child\" data-id=\"083c0c4\" data-element_type=\"container\">\n\t\t\t\t<div class=\"elementor-element elementor-element-7f5fa7a elementor-widget elementor-widget-text-editor\" data-id=\"7f5fa7a\" data-element_type=\"widget\" data-widget_type=\"text-editor.default\">\n\t\t\t\t<div class=\"elementor-widget-container\">\n\t\t\t\t\t\t\t\t\t<h3>CASA DELS PINS<\/h3><p>\u00a0<\/p><ul data-sourcepos=\"5:1-9:0\"><li data-sourcepos=\"5:1-5:290\"><strong>Mejora la calidad de vida:<\/strong>\u00a0Ayudan a que las personas de todas las edades y niveles de condici\u00f3n f\u00edsica participen en actividades recreativas y educativas, esto mejora la calidad de vida de los residentes del barrio.<\/li><\/ul><ul data-sourcepos=\"5:1-9:0\"><li data-sourcepos=\"6:1-6:222\"><strong>Favorece la inclusi\u00f3n social:<\/strong>\u00a0 Proporcionan un lugar para que las personas de diferentes or\u00edgenes se re\u00fanan y se socialicen, esto fomenta la inclusi\u00f3n social en el barrio.<\/li><\/ul><ul data-sourcepos=\"5:1-9:0\"><li data-sourcepos=\"7:1-8:0\"><strong>Incrementa el valor de las propiedades:<\/strong>\u00a0 Puede ser un atractivo para los compradores de viviendas, ya que puede ayudar a incrementar el valor de las propiedades en el barrio.<\/li><\/ul><ul data-sourcepos=\"5:1-9:0\"><li data-sourcepos=\"11:1-11:301\"><strong>Facilitar la celebraci\u00f3n de eventos:<\/strong>\u00a0Pueden utilizarse para celebrar eventos deportivos, culturales y sociales, como conciertos, obras de teatro, conferencias, etc, esto proporciona a los residentes del barrio un lugar para disfrutar de una variedad de actividades.<\/li><\/ul>\t\t\t\t\t\t\t\t<\/div>\n\t\t\t\t<\/div>\n\t\t\t\t<\/div>\n\t\t<div class=\"elementor-element elementor-element-6966023 e-con-full e-flex e-con e-child\" data-id=\"6966023\" data-element_type=\"container\">\n\t\t<div class=\"elementor-element elementor-element-a281a96 e-flex e-con-boxed e-con e-child\" data-id=\"a281a96\" data-element_type=\"container\">\n\t\t\t\t\t<div class=\"e-con-inner\">\n\t\t\t\t<div class=\"elementor-element elementor-element-1f328da elementor-widget__width-initial elementor-widget-mobile__width-inherit elementor-widget-tablet__width-initial elementor-widget elementor-widget-image\" data-id=\"1f328da\" data-element_type=\"widget\" data-widget_type=\"image.default\">\n\t\t\t\t<div class=\"elementor-widget-container\">\n\t\t\t\t\t\t\t\t\t\t\t\t\t\t\t<img fetchpriority=\"high\" decoding=\"async\" width=\"1024\" height=\"768\" src=\"https:\/\/avvbonavistabadalona.com\/wp-content\/uploads\/2023\/11\/casa-pins-1-1024x768.jpg\" class=\"attachment-large size-large wp-image-2948\" alt=\"\" srcset=\"https:\/\/avvbonavistabadalona.com\/wp-content\/uploads\/2023\/11\/casa-pins-1-1024x768.jpg 1024w, https:\/\/avvbonavistabadalona.com\/wp-content\/uploads\/2023\/11\/casa-pins-1-300x225.jpg 300w, https:\/\/avvbonavistabadalona.com\/wp-content\/uploads\/2023\/11\/casa-pins-1-768x576.jpg 768w, https:\/\/avvbonavistabadalona.com\/wp-content\/uploads\/2023\/11\/casa-pins-1-1536x1152.jpg 1536w, https:\/\/avvbonavistabadalona.com\/wp-content\/uploads\/2023\/11\/casa-pins-1-600x450.jpg 600w, https:\/\/avvbonavistabadalona.com\/wp-content\/uploads\/2023\/11\/casa-pins-1.jpg 2016w\" sizes=\"(max-width: 1024px) 100vw, 1024px\" \/>\t\t\t\t\t\t\t\t\t\t\t\t\t\t\t<\/div>\n\t\t\t\t<\/div>\n\t\t\t\t\t<\/div>\n\t\t\t\t<\/div>\n\t\t<div class=\"elementor-element elementor-element-d68128d e-flex e-con-boxed e-con e-child\" data-id=\"d68128d\" data-element_type=\"container\">\n\t\t\t\t\t<div class=\"e-con-inner\">\n\t\t\t\t<div class=\"elementor-element elementor-element-6c78c1d elementor-widget elementor-widget-spacer\" data-id=\"6c78c1d\" data-element_type=\"widget\" data-widget_type=\"spacer.default\">\n\t\t\t\t<div class=\"elementor-widget-container\">\n\t\t\t\t\t\t\t<div class=\"elementor-spacer\">\n\t\t\t<div class=\"elementor-spacer-inner\"><\/div>\n\t\t<\/div>\n\t\t\t\t\t\t<\/div>\n\t\t\t\t<\/div>\n\t\t\t\t<div class=\"elementor-element elementor-element-e852366 elementor-widget__width-initial elementor-widget-tablet__width-initial elementor-widget elementor-widget-text-editor\" data-id=\"e852366\" data-element_type=\"widget\" data-widget_type=\"text-editor.default\">\n\t\t\t\t<div class=\"elementor-widget-container\">\n\t\t\t\t\t\t\t\t\t<p>\u00a0<\/p><ul data-sourcepos=\"5:1-9:0\"><li><strong>Ofrecer oportunidades de recreaci\u00f3n:<\/strong>\u00a0Pueden utilizarse para ofrecer oportunidades de recreaci\u00f3n para las personas de todas las edades y niveles de habilidad, esto puede saludables.<\/li><\/ul><ul data-sourcepos=\"5:1-9:0\"><li><strong>Promover la comunidad:\u00a0<\/strong>Ayuda a promover la comunidad, ya que pueden proporcionar un lugar para que las personas se re\u00fanan y se socialicen, esto crer un sentido de comunidad en el barrio<\/li><\/ul>\t\t\t\t\t\t\t\t<\/div>\n\t\t\t\t<\/div>\n\t\t\t\t\t<\/div>\n\t\t\t\t<\/div>\n\t\t\t\t<\/div>\n\t\t\t\t<\/div>\n\t\t\t\t<\/div>\n\t\t\t\t<\/div>\n\t\t\t\t<\/div>\n\t\t\t\t<\/div>\n\t\t","protected":false},"excerpt":{"rendered":"<p>CASA DELS PINS \u00a0 Mejora la calidad de vida:\u00a0Ayudan a que las personas de todas las edades y niveles de condici\u00f3n f\u00edsica participen en actividades recreativas y educativas, esto mejora la calidad de vida de los residentes del barrio. Favorece la inclusi\u00f3n social:\u00a0 Proporcionan un lugar para que las personas de diferentes or\u00edgenes se re\u00fanan &hellip;<\/p>\n<p class=\"read-more\"> <a class=\"\" href=\"https:\/\/avvbonavistabadalona.com\/?page_id=2995\"> <span class=\"screen-reader-text\">Casa dels Pins<\/span> Leer m\u00e1s &raquo;<\/a><\/p>\n","protected":false},"author":1,"featured_media":0,"parent":0,"menu_order":0,"comment_status":"closed","ping_status":"closed","template":"","meta":{"om_disable_all_campaigns":false,"_uag_custom_page_level_css":"","site-sidebar-layout":"no-sidebar","site-content-layout":"page-builder","ast-site-content-layout":"full-width-container","site-content-style":"default","site-sidebar-style":"default","ast-global-header-display":"","ast-banner-title-visibility":"","ast-main-header-display":"","ast-hfb-above-header-display":"","ast-hfb-below-header-display":"","ast-hfb-mobile-header-display":"","site-post-title":"disabled","ast-breadcrumbs-content":"","ast-featured-img":"disabled","footer-sml-layout":"","theme-transparent-header-meta":"","adv-header-id-meta":"","stick-header-meta":"","header-above-stick-meta":"","header-main-stick-meta":"","header-below-stick-meta":"","astra-migrate-meta-layouts":"set","footnotes":""},"aioseo_notices":[],"uagb_featured_image_src":{"full":false,"thumbnail":false,"medium":false,"medium_large":false,"large":false,"1536x1536":false,"2048x2048":false,"woocommerce_thumbnail":false,"woocommerce_single":false,"woocommerce_gallery_thumbnail":false},"uagb_author_info":{"display_name":"avvbonavistabadalona.com","author_link":"https:\/\/avvbonavistabadalona.com\/?author=1"},"uagb_comment_info":0,"uagb_excerpt":"CASA DELS PINS \u00a0 Mejora la calidad de vida:\u00a0Ayudan a que las personas de todas las edades y niveles de condici\u00f3n f\u00edsica participen en actividades recreativas y educativas, esto mejora la calidad de vida de los residentes del barrio. Favorece la inclusi\u00f3n social:\u00a0 Proporcionan un lugar para que las personas de diferentes or\u00edgenes se re\u00fanan&hellip;","_links":{"self":[{"href":"https:\/\/avvbonavistabadalona.com\/index.php?rest_route=\/wp\/v2\/pages\/2995"}],"collection":[{"href":"https:\/\/avvbonavistabadalona.com\/index.php?rest_route=\/wp\/v2\/pages"}],"about":[{"href":"https:\/\/avvbonavistabadalona.com\/index.php?rest_route=\/wp\/v2\/types\/page"}],"author":[{"embeddable":true,"href":"https:\/\/avvbonavistabadalona.com\/index.php?rest_route=\/wp\/v2\/users\/1"}],"replies":[{"embeddable":true,"href":"https:\/\/avvbonavistabadalona.com\/index.php?rest_route=%2Fwp%2Fv2%2Fcomments&post=2995"}],"version-history":[{"count":166,"href":"https:\/\/avvbonavistabadalona.com\/index.php?rest_route=\/wp\/v2\/pages\/2995\/revisions"}],"predecessor-version":[{"id":3555,"href":"https:\/\/avvbonavistabadalona.com\/index.php?rest_route=\/wp\/v2\/pages\/2995\/revisions\/3555"}],"wp:attachment":[{"href":"https:\/\/avvbonavistabadalona.com\/index.php?rest_route=%2Fwp%2Fv2%2Fmedia&parent=2995"}],"curies":[{"name":"wp","href":"https:\/\/api.w.org\/{rel}","templated":true}]}}