{"id":78,"date":"2022-10-17T07:03:13","date_gmt":"2022-10-17T07:03:13","guid":{"rendered":"https:\/\/avvbonavistabadalona.com\/?page_id=78"},"modified":"2023-12-24T00:25:35","modified_gmt":"2023-12-23T23:25:35","slug":"home-2","status":"publish","type":"page","link":"https:\/\/avvbonavistabadalona.com\/","title":{"rendered":"Home"},"content":{"rendered":"\t\t<div data-elementor-type=\"wp-page\" data-elementor-id=\"78\" class=\"elementor elementor-78\">\n\t\t\t\t<div class=\"elementor-element elementor-element-3f1e495 e-con-full e-flex e-con e-parent\" data-id=\"3f1e495\" data-element_type=\"container\">\n\t\t\t\t<div class=\"elementor-element elementor-element-7e576b33 elementor-widget__width-initial elementor-widget elementor-widget-text-editor\" data-id=\"7e576b33\" data-element_type=\"widget\" data-widget_type=\"text-editor.default\">\n\t\t\t\t<div class=\"elementor-widget-container\">\n\t\t\t\t\t\t\t\t\t<p><\/p>\n<div class=\"wp-block-uagb-container uagb-block-597c3f26 alignfull uagb-is-root-container\">\n<p><\/p>\n<div class=\"wp-block-uagb-advanced-heading uagb-block-48feaf01\">\n<h2 class=\"uagb-ifb-title\">ASOCIAICION\u00a0 VECINOS<\/h2>\n<h1 class=\"uagb-heading-text\">Bonavista<\/h1>\n<p>\u00a0<\/p>\n<\/div>\n<p><\/p>\n<div class=\"wp-block-uagb-info-box uagb-block-0a04dde5 uagb-infobox__content-wrap uagb-infobox-icon-above-title uagb-infobox-image-valign-top\">\n<div class=\"uagb-ifb-content\">\n<div class=\"uagb-ifb-button-wrapper wp-block-button\"><a class=\"uagb-infobox-cta-link wp-block-button__link\" title=\"Hazte Socio!\" href=\"https:\/\/avvbonavistabadalona.com\/?page_id=2251\"><span class=\"uagb-inline-editing\">HAZTE SOCIO!<\/span><\/a><\/div>\n<\/div>\n<\/div>\n<\/div>\n<div class=\"wp-block-uagb-container uagb-block-af490483 alignfull uagb-is-root-container\">\n<div class=\"uagb-container-inner-blocks-wrap\">\n<p><\/p>\n<\/div>\n<\/div>\n<p><\/p>\t\t\t\t\t\t\t\t<\/div>\n\t\t\t\t<\/div>\n\t\t\t\t<\/div>\n\t\t<div class=\"elementor-element elementor-element-8cee8c5 e-flex e-con-boxed e-con e-parent\" data-id=\"8cee8c5\" data-element_type=\"container\">\n\t\t\t\t\t<div class=\"e-con-inner\">\n\t\t\t\t<div class=\"elementor-element elementor-element-9562392 elementor-widget elementor-widget-spacer\" data-id=\"9562392\" data-element_type=\"widget\" data-widget_type=\"spacer.default\">\n\t\t\t\t<div class=\"elementor-widget-container\">\n\t\t\t\t\t\t\t<div class=\"elementor-spacer\">\n\t\t\t<div class=\"elementor-spacer-inner\"><\/div>\n\t\t<\/div>\n\t\t\t\t\t\t<\/div>\n\t\t\t\t<\/div>\n\t\t\t\t\t<\/div>\n\t\t\t\t<\/div>\n\t\t<div class=\"elementor-element elementor-element-ad97a7a e-con-full e-flex e-con e-parent\" data-id=\"ad97a7a\" data-element_type=\"container\">\n\t\t<div class=\"elementor-element elementor-element-3fe2de9 e-con-full e-flex e-con e-child\" data-id=\"3fe2de9\" data-element_type=\"container\">\n\t\t\t\t<div class=\"elementor-element elementor-element-75c821c elementor-widget__width-initial elementor-widget elementor-widget-text-editor\" data-id=\"75c821c\" data-element_type=\"widget\" data-widget_type=\"text-editor.default\">\n\t\t\t\t<div class=\"elementor-widget-container\">\n\t\t\t\t\t\t\t\t\t<h4>CASA DELS PINS<\/h4>\n<ul data-sourcepos=\"5:1-9:0\">\n<li data-sourcepos=\"5:1-5:146\">Mejora de la salud y el bienestar.<\/li>\n<li data-sourcepos=\"6:1-6:169\">Favorece la inclusi\u00f3n social<\/li>\n<li data-sourcepos=\"7:1-7:129\">Incrementa el valor de la propiedad<\/li>\n<li data-sourcepos=\"8:1-9:0\">Facilita la celebraci\u00f3n de evento<\/li>\n<li data-sourcepos=\"5:1-5:146\">Ofrece oportunidades de recreaci\u00f3n<\/li>\n<li data-sourcepos=\"6:1-6:169\">Promover la comunidad<\/li>\n<\/ul>\t\t\t\t\t\t\t\t<\/div>\n\t\t\t\t<\/div>\n\t\t\t\t<\/div>\n\t\t<div class=\"elementor-element elementor-element-2dfa40c e-con-full e-flex e-con e-child\" data-id=\"2dfa40c\" data-element_type=\"container\">\n\t\t\t\t<div class=\"elementor-element elementor-element-247a0af elementor-widget__width-initial elementor-widget-mobile__width-inherit elementor-widget-tablet__width-initial elementor-widget elementor-widget-image\" data-id=\"247a0af\" data-element_type=\"widget\" data-widget_type=\"image.default\">\n\t\t\t\t<div class=\"elementor-widget-container\">\n\t\t\t\t\t\t\t\t\t\t\t\t\t\t\t<img fetchpriority=\"high\" decoding=\"async\" width=\"1024\" height=\"768\" src=\"https:\/\/avvbonavistabadalona.com\/wp-content\/uploads\/2023\/11\/casa-pins-1-1024x768.jpg\" class=\"attachment-large size-large wp-image-2948\" alt=\"\" srcset=\"https:\/\/avvbonavistabadalona.com\/wp-content\/uploads\/2023\/11\/casa-pins-1-1024x768.jpg 1024w, https:\/\/avvbonavistabadalona.com\/wp-content\/uploads\/2023\/11\/casa-pins-1-300x225.jpg 300w, https:\/\/avvbonavistabadalona.com\/wp-content\/uploads\/2023\/11\/casa-pins-1-768x576.jpg 768w, https:\/\/avvbonavistabadalona.com\/wp-content\/uploads\/2023\/11\/casa-pins-1-1536x1152.jpg 1536w, https:\/\/avvbonavistabadalona.com\/wp-content\/uploads\/2023\/11\/casa-pins-1-600x450.jpg 600w, https:\/\/avvbonavistabadalona.com\/wp-content\/uploads\/2023\/11\/casa-pins-1.jpg 2016w\" sizes=\"(max-width: 1024px) 100vw, 1024px\" \/>\t\t\t\t\t\t\t\t\t\t\t\t\t\t\t<\/div>\n\t\t\t\t<\/div>\n\t\t\t\t<\/div>\n\t\t\t\t<\/div>\n\t\t<div class=\"elementor-element elementor-element-f4ef91e e-flex e-con-boxed e-con e-parent\" data-id=\"f4ef91e\" data-element_type=\"container\">\n\t\t\t\t\t<div class=\"e-con-inner\">\n\t\t\t\t<div class=\"elementor-element elementor-element-8057fd4 elementor-widget elementor-widget-spacer\" data-id=\"8057fd4\" data-element_type=\"widget\" data-widget_type=\"spacer.default\">\n\t\t\t\t<div class=\"elementor-widget-container\">\n\t\t\t\t\t\t\t<div class=\"elementor-spacer\">\n\t\t\t<div class=\"elementor-spacer-inner\"><\/div>\n\t\t<\/div>\n\t\t\t\t\t\t<\/div>\n\t\t\t\t<\/div>\n\t\t\t\t\t<\/div>\n\t\t\t\t<\/div>\n\t\t<div class=\"elementor-element elementor-element-195218f e-con-full e-flex e-con e-parent\" data-id=\"195218f\" data-element_type=\"container\">\n\t\t<div class=\"elementor-element elementor-element-39b9cb2 e-con-full e-flex e-con e-child\" data-id=\"39b9cb2\" data-element_type=\"container\">\n\t\t\t\t<div class=\"elementor-element elementor-element-fcf7d24 elementor-widget__width-initial elementor-widget-mobile__width-inherit elementor-widget-tablet__width-initial elementor-widget elementor-widget-image\" data-id=\"fcf7d24\" data-element_type=\"widget\" data-widget_type=\"image.default\">\n\t\t\t\t<div class=\"elementor-widget-container\">\n\t\t\t\t\t\t\t\t\t\t\t\t\t\t\t<img decoding=\"async\" width=\"1024\" height=\"768\" src=\"https:\/\/avvbonavistabadalona.com\/wp-content\/uploads\/2023\/11\/POLIDEPORTIVO-1024x768.jpg\" class=\"attachment-large size-large wp-image-2175\" alt=\"\" srcset=\"https:\/\/avvbonavistabadalona.com\/wp-content\/uploads\/2023\/11\/POLIDEPORTIVO-1024x768.jpg 1024w, https:\/\/avvbonavistabadalona.com\/wp-content\/uploads\/2023\/11\/POLIDEPORTIVO-300x225.jpg 300w, https:\/\/avvbonavistabadalona.com\/wp-content\/uploads\/2023\/11\/POLIDEPORTIVO-768x576.jpg 768w, https:\/\/avvbonavistabadalona.com\/wp-content\/uploads\/2023\/11\/POLIDEPORTIVO-1536x1152.jpg 1536w, https:\/\/avvbonavistabadalona.com\/wp-content\/uploads\/2023\/11\/POLIDEPORTIVO-600x450.jpg 600w, https:\/\/avvbonavistabadalona.com\/wp-content\/uploads\/2023\/11\/POLIDEPORTIVO.jpg 2016w\" sizes=\"(max-width: 1024px) 100vw, 1024px\" \/>\t\t\t\t\t\t\t\t\t\t\t\t\t\t\t<\/div>\n\t\t\t\t<\/div>\n\t\t\t\t<\/div>\n\t\t<div class=\"elementor-element elementor-element-3b0b23c e-con-full e-flex e-con e-child\" data-id=\"3b0b23c\" data-element_type=\"container\">\n\t\t\t\t<div class=\"elementor-element elementor-element-e27d438 elementor-widget__width-initial elementor-widget-tablet__width-initial elementor-widget elementor-widget-text-editor\" data-id=\"e27d438\" data-element_type=\"widget\" data-widget_type=\"text-editor.default\">\n\t\t\t\t<div class=\"elementor-widget-container\">\n\t\t\t\t\t\t\t\t\t<h4>POLIDEPORTIVO<\/h4>\n<ul data-sourcepos=\"5:1-9:0\">\n<li data-sourcepos=\"5:1-5:146\">Mejora de la salud y el bienestar.<\/li>\n<li data-sourcepos=\"6:1-6:169\">Fomentar la actividad f\u00edsica<\/li>\n<li data-sourcepos=\"7:1-7:129\">Promover la socializaci\u00f3n<\/li>\n<li data-sourcepos=\"8:1-9:0\">Mejorar la calidad de vida<\/li>\n<li data-sourcepos=\"5:1-5:146\">Mejora de la salud y el bienestar<\/li>\n<li data-sourcepos=\"6:1-6:169\">Fomentar la actividad f\u00edsica<\/li>\n<li data-sourcepos=\"6:1-6:169\">Ofrecer clases y programas deportivos<\/li>\n<li data-sourcepos=\"6:1-6:169\">Organizar eventos deportivos y recreativos.<\/li>\n<li data-sourcepos=\"6:1-6:169\">Mejorar la calidad de vida<\/li>\n<\/ul>\t\t\t\t\t\t\t\t<\/div>\n\t\t\t\t<\/div>\n\t\t\t\t<\/div>\n\t\t\t\t<\/div>\n\t\t<div class=\"elementor-element elementor-element-7d30bc3 e-flex e-con-boxed e-con e-parent\" data-id=\"7d30bc3\" data-element_type=\"container\">\n\t\t\t\t\t<div class=\"e-con-inner\">\n\t\t\t\t<div class=\"elementor-element elementor-element-2f8a06e elementor-widget elementor-widget-spacer\" data-id=\"2f8a06e\" data-element_type=\"widget\" data-widget_type=\"spacer.default\">\n\t\t\t\t<div class=\"elementor-widget-container\">\n\t\t\t\t\t\t\t<div class=\"elementor-spacer\">\n\t\t\t<div class=\"elementor-spacer-inner\"><\/div>\n\t\t<\/div>\n\t\t\t\t\t\t<\/div>\n\t\t\t\t<\/div>\n\t\t\t\t\t<\/div>\n\t\t\t\t<\/div>\n\t\t<div class=\"elementor-element elementor-element-c347f98 e-con-full e-flex e-con e-parent\" data-id=\"c347f98\" data-element_type=\"container\">\n\t\t<div class=\"elementor-element elementor-element-dadfe8c e-con-full e-flex e-con e-child\" data-id=\"dadfe8c\" data-element_type=\"container\">\n\t\t\t\t<div class=\"elementor-element elementor-element-172a7a1 elementor-widget__width-initial elementor-widget elementor-widget-text-editor\" data-id=\"172a7a1\" data-element_type=\"widget\" data-widget_type=\"text-editor.default\">\n\t\t\t\t<div class=\"elementor-widget-container\">\n\t\t\t\t\t\t\t\t\t<h4>\u00a0ASFALTO AV.MORRALLA<\/h4>\n<ul data-sourcepos=\"7:1-11:0\">\n<li data-sourcepos=\"7:1-7:134\">Mejorar la seguridad<\/li>\n<li data-sourcepos=\"8:1-8:220\">Aumenta la accesibilidad<\/li>\n<li data-sourcepos=\"9:1-9:166\">Reduce la contaminaci\u00f3n:\u00a0<\/li>\n<li data-sourcepos=\"10:1-11:0\">Aumenta el valor de las propiedades<\/li>\n<\/ul>\t\t\t\t\t\t\t\t<\/div>\n\t\t\t\t<\/div>\n\t\t\t\t<\/div>\n\t\t<div class=\"elementor-element elementor-element-085a598 e-con-full e-flex e-con e-child\" data-id=\"085a598\" data-element_type=\"container\">\n\t\t\t\t<div class=\"elementor-element elementor-element-1529261 elementor-widget__width-initial elementor-widget-mobile__width-inherit elementor-widget-tablet__width-initial elementor-widget elementor-widget-image\" data-id=\"1529261\" data-element_type=\"widget\" data-widget_type=\"image.default\">\n\t\t\t\t<div class=\"elementor-widget-container\">\n\t\t\t\t\t\t\t\t\t\t\t\t\t\t\t<img decoding=\"async\" width=\"1024\" height=\"768\" src=\"https:\/\/avvbonavistabadalona.com\/wp-content\/uploads\/2023\/11\/ASFALTO-1024x768.jpg\" class=\"attachment-large size-large wp-image-2183\" alt=\"\" srcset=\"https:\/\/avvbonavistabadalona.com\/wp-content\/uploads\/2023\/11\/ASFALTO-1024x768.jpg 1024w, https:\/\/avvbonavistabadalona.com\/wp-content\/uploads\/2023\/11\/ASFALTO-300x225.jpg 300w, https:\/\/avvbonavistabadalona.com\/wp-content\/uploads\/2023\/11\/ASFALTO-768x576.jpg 768w, https:\/\/avvbonavistabadalona.com\/wp-content\/uploads\/2023\/11\/ASFALTO-1536x1152.jpg 1536w, https:\/\/avvbonavistabadalona.com\/wp-content\/uploads\/2023\/11\/ASFALTO-600x450.jpg 600w, https:\/\/avvbonavistabadalona.com\/wp-content\/uploads\/2023\/11\/ASFALTO.jpg 2016w\" sizes=\"(max-width: 1024px) 100vw, 1024px\" \/>\t\t\t\t\t\t\t\t\t\t\t\t\t\t\t<\/div>\n\t\t\t\t<\/div>\n\t\t\t\t<\/div>\n\t\t\t\t<\/div>\n\t\t<div class=\"elementor-element elementor-element-490724e e-flex e-con-boxed e-con e-parent\" data-id=\"490724e\" data-element_type=\"container\">\n\t\t\t\t\t<div class=\"e-con-inner\">\n\t\t\t\t<div class=\"elementor-element elementor-element-b5c336d elementor-widget elementor-widget-spacer\" data-id=\"b5c336d\" data-element_type=\"widget\" data-widget_type=\"spacer.default\">\n\t\t\t\t<div class=\"elementor-widget-container\">\n\t\t\t\t\t\t\t<div class=\"elementor-spacer\">\n\t\t\t<div class=\"elementor-spacer-inner\"><\/div>\n\t\t<\/div>\n\t\t\t\t\t\t<\/div>\n\t\t\t\t<\/div>\n\t\t\t\t\t<\/div>\n\t\t\t\t<\/div>\n\t\t<div class=\"elementor-element elementor-element-e04b594 e-con-full e-flex e-con e-parent\" data-id=\"e04b594\" data-element_type=\"container\">\n\t\t<div class=\"elementor-element elementor-element-f608ca1 e-con-full e-flex e-con e-child\" data-id=\"f608ca1\" data-element_type=\"container\">\n\t\t\t\t<div class=\"elementor-element elementor-element-e04f6fe elementor-widget__width-initial elementor-widget-mobile__width-inherit elementor-widget-tablet__width-initial elementor-widget elementor-widget-image\" data-id=\"e04f6fe\" data-element_type=\"widget\" data-widget_type=\"image.default\">\n\t\t\t\t<div class=\"elementor-widget-container\">\n\t\t\t\t\t\t\t\t\t\t\t\t\t\t\t<img loading=\"lazy\" decoding=\"async\" width=\"1024\" height=\"768\" src=\"https:\/\/avvbonavistabadalona.com\/wp-content\/uploads\/2023\/11\/ESQUINA-1024x768.jpg\" class=\"attachment-large size-large wp-image-2182\" alt=\"\" srcset=\"https:\/\/avvbonavistabadalona.com\/wp-content\/uploads\/2023\/11\/ESQUINA-1024x768.jpg 1024w, https:\/\/avvbonavistabadalona.com\/wp-content\/uploads\/2023\/11\/ESQUINA-300x225.jpg 300w, https:\/\/avvbonavistabadalona.com\/wp-content\/uploads\/2023\/11\/ESQUINA-768x576.jpg 768w, https:\/\/avvbonavistabadalona.com\/wp-content\/uploads\/2023\/11\/ESQUINA-1536x1152.jpg 1536w, https:\/\/avvbonavistabadalona.com\/wp-content\/uploads\/2023\/11\/ESQUINA-600x450.jpg 600w, https:\/\/avvbonavistabadalona.com\/wp-content\/uploads\/2023\/11\/ESQUINA.jpg 2016w\" sizes=\"(max-width: 1024px) 100vw, 1024px\" \/>\t\t\t\t\t\t\t\t\t\t\t\t\t\t\t<\/div>\n\t\t\t\t<\/div>\n\t\t\t\t<\/div>\n\t\t<div class=\"elementor-element elementor-element-485a08b e-con-full e-flex e-con e-child\" data-id=\"485a08b\" data-element_type=\"container\">\n\t\t\t\t<div class=\"elementor-element elementor-element-6ffa718 elementor-widget__width-initial elementor-widget elementor-widget-text-editor\" data-id=\"6ffa718\" data-element_type=\"widget\" data-widget_type=\"text-editor.default\">\n\t\t\t\t<div class=\"elementor-widget-container\">\n\t\t\t\t\t\t\t\t\t<h4>TERRENO AV MORRALLA ESQUINA PASAJE MORRALLA<\/h4>\n<ul>\n<li style=\"list-style-type: none;\">\n<ul data-sourcepos=\"5:1-12:0\">\n<li data-sourcepos=\"5:1-6:0\">\n<p data-sourcepos=\"5:3-5:138\">Mejora la seguridad<\/p>\n<\/li>\n<li data-sourcepos=\"7:1-8:41\">\n<p data-sourcepos=\"7:3-8:41\">Aumenta la accesibilidad\u00a0<\/p>\n<\/li>\n<li data-sourcepos=\"9:1-10:0\">\n<p data-sourcepos=\"9:3-9:134\">Reduce la contaminaci\u00f3n\u00a0<\/p>\n<\/li>\n<li data-sourcepos=\"11:1-12:0\">\n<p data-sourcepos=\"11:3-11:219\">Incrementa el valor de las propiedades<\/p>\n<\/li>\n<\/ul>\n<\/li>\n<\/ul>\t\t\t\t\t\t\t\t<\/div>\n\t\t\t\t<\/div>\n\t\t\t\t<\/div>\n\t\t\t\t<\/div>\n\t\t<div class=\"elementor-element elementor-element-9d4ee2d e-flex e-con-boxed e-con e-parent\" data-id=\"9d4ee2d\" data-element_type=\"container\">\n\t\t\t\t\t<div class=\"e-con-inner\">\n\t\t\t\t<div class=\"elementor-element elementor-element-ee0edd5 elementor-widget elementor-widget-spacer\" data-id=\"ee0edd5\" data-element_type=\"widget\" data-widget_type=\"spacer.default\">\n\t\t\t\t<div class=\"elementor-widget-container\">\n\t\t\t\t\t\t\t<div class=\"elementor-spacer\">\n\t\t\t<div class=\"elementor-spacer-inner\"><\/div>\n\t\t<\/div>\n\t\t\t\t\t\t<\/div>\n\t\t\t\t<\/div>\n\t\t\t\t\t<\/div>\n\t\t\t\t<\/div>\n\t\t\t\t<\/div>\n\t\t","protected":false},"excerpt":{"rendered":"<p>ASOCIAICION\u00a0 VECINOS Bonavista \u00a0 CASA DELS PINS Mejora de la salud y el bienestar. Favorece la inclusi\u00f3n social Incrementa el valor de la propiedad Facilita la celebraci\u00f3n de evento Ofrece oportunidades de recreaci\u00f3n Promover la comunidad POLIDEPORTIVO Mejora de la salud y el bienestar. Fomentar la actividad f\u00edsica Promover la socializaci\u00f3n Mejorar la calidad de &hellip;<\/p>\n<p class=\"read-more\"> <a class=\"\" href=\"https:\/\/avvbonavistabadalona.com\/\"> <span class=\"screen-reader-text\">Home<\/span> Leer m\u00e1s &raquo;<\/a><\/p>\n","protected":false},"author":1,"featured_media":0,"parent":0,"menu_order":0,"comment_status":"closed","ping_status":"closed","template":"","meta":{"om_disable_all_campaigns":false,"_uag_custom_page_level_css":"","site-sidebar-layout":"default","site-content-layout":"page-builder","ast-site-content-layout":"full-width-container","site-content-style":"unboxed","site-sidebar-style":"unboxed","ast-global-header-display":"","ast-banner-title-visibility":"","ast-main-header-display":"","ast-hfb-above-header-display":"","ast-hfb-below-header-display":"","ast-hfb-mobile-header-display":"","site-post-title":"disabled","ast-breadcrumbs-content":"","ast-featured-img":"","footer-sml-layout":"","theme-transparent-header-meta":"enabled","adv-header-id-meta":"","stick-header-meta":"","header-above-stick-meta":"","header-main-stick-meta":"","header-below-stick-meta":"","astra-migrate-meta-layouts":"set","footnotes":""},"aioseo_notices":[],"uagb_featured_image_src":{"full":false,"thumbnail":false,"medium":false,"medium_large":false,"large":false,"1536x1536":false,"2048x2048":false,"woocommerce_thumbnail":false,"woocommerce_single":false,"woocommerce_gallery_thumbnail":false},"uagb_author_info":{"display_name":"avvbonavistabadalona.com","author_link":"https:\/\/avvbonavistabadalona.com\/?author=1"},"uagb_comment_info":0,"uagb_excerpt":"ASOCIAICION\u00a0 VECINOS Bonavista \u00a0 CASA DELS PINS Mejora de la salud y el bienestar. Favorece la inclusi\u00f3n social Incrementa el valor de la propiedad Facilita la celebraci\u00f3n de evento Ofrece oportunidades de recreaci\u00f3n Promover la comunidad POLIDEPORTIVO Mejora de la salud y el bienestar. Fomentar la actividad f\u00edsica Promover la socializaci\u00f3n Mejorar la calidad de&hellip;","_links":{"self":[{"href":"https:\/\/avvbonavistabadalona.com\/index.php?rest_route=\/wp\/v2\/pages\/78"}],"collection":[{"href":"https:\/\/avvbonavistabadalona.com\/index.php?rest_route=\/wp\/v2\/pages"}],"about":[{"href":"https:\/\/avvbonavistabadalona.com\/index.php?rest_route=\/wp\/v2\/types\/page"}],"author":[{"embeddable":true,"href":"https:\/\/avvbonavistabadalona.com\/index.php?rest_route=\/wp\/v2\/users\/1"}],"replies":[{"embeddable":true,"href":"https:\/\/avvbonavistabadalona.com\/index.php?rest_route=%2Fwp%2Fv2%2Fcomments&post=78"}],"version-history":[{"count":313,"href":"https:\/\/avvbonavistabadalona.com\/index.php?rest_route=\/wp\/v2\/pages\/78\/revisions"}],"predecessor-version":[{"id":3510,"href":"https:\/\/avvbonavistabadalona.com\/index.php?rest_route=\/wp\/v2\/pages\/78\/revisions\/3510"}],"wp:attachment":[{"href":"https:\/\/avvbonavistabadalona.com\/index.php?rest_route=%2Fwp%2Fv2%2Fmedia&parent=78"}],"curies":[{"name":"wp","href":"https:\/\/api.w.org\/{rel}","templated":true}]}}